{"id":4881,"date":"2025-04-12T09:01:11","date_gmt":"2025-04-12T07:01:11","guid":{"rendered":"https:\/\/manudt.be\/?page_id=4881"},"modified":"2025-04-14T12:55:13","modified_gmt":"2025-04-14T10:55:13","slug":"two-dots","status":"publish","type":"page","link":"https:\/\/manudt.be\/?page_id=4881","title":{"rendered":"Two Dots"},"content":{"rendered":"\n<p>2 jeunes gens ont un jour d\u00e9cid\u00e9 d&rsquo;unir leurs talents pour nous offrir des reprises endiabl\u00e9es de chansons cultes, tout cela dans un show \u00e0 couper le souffle.<\/p>\n\n\n\n<p>Two dots started in 2019 when the idea of making a duo with loopers poped in. Since then they keep making this project bigger every day<\/p>\n\n\n\n<p><br>Gwenn Nicolay : Vocals &#8211; Guitar &#8211; Bass<br>Nicolas D&rsquo;Avell : Piano &#8211; Drums &#8211; Vocals<\/p>\n\n\n\n<p><\/p>\n\n\n\n<p><\/p>\n\n\n\n<p>More informations : <\/p>\n\n\n\n<p><\/p>\n\n\n\n<p><\/p>\n\n\n\n<div class=\"wp-block-buttons is-content-justification-center is-layout-flex wp-container-core-buttons-is-layout-16018d1d wp-block-buttons-is-layout-flex\">\n<div class=\"wp-block-button\"><a class=\"wp-block-button__link has-text-align-center wp-element-button\" href=\"https:\/\/www.twodotsmusic.com\/\" target=\"_blank\" rel=\"noreferrer noopener\">Site internet<\/a><\/div>\n<\/div>\n\n\n\n<p><\/p>\n\n\n\n<div class=\"wp-block-buttons is-content-justification-center is-layout-flex wp-container-core-buttons-is-layout-16018d1d wp-block-buttons-is-layout-flex\">\n<div class=\"wp-block-button\"><a class=\"wp-block-button__link wp-element-button\" href=\"https:\/\/www.facebook.com\/twodotsband\" target=\"_blank\" rel=\"noreferrer noopener\">Pages Facebook<\/a><\/div>\n<\/div>\n\n\n\n<p><\/p>\n\n\n\n<figure class=\"wp-block-image size-large\"><img loading=\"lazy\" decoding=\"async\" width=\"1024\" height=\"576\" src=\"https:\/\/manudt.be\/wp-content\/uploads\/2025\/04\/O1A8813-1024x576.jpg\" alt=\"\" class=\"wp-image-5246\" srcset=\"https:\/\/manudt.be\/wp-content\/uploads\/2025\/04\/O1A8813-1024x576.jpg 1024w, https:\/\/manudt.be\/wp-content\/uploads\/2025\/04\/O1A8813-300x169.jpg 300w, https:\/\/manudt.be\/wp-content\/uploads\/2025\/04\/O1A8813-768x432.jpg 768w, https:\/\/manudt.be\/wp-content\/uploads\/2025\/04\/O1A8813-1536x864.jpg 1536w, https:\/\/manudt.be\/wp-content\/uploads\/2025\/04\/O1A8813-2048x1152.jpg 2048w\" sizes=\"auto, (max-width: 1024px) 100vw, 1024px\" \/><\/figure>\n\n\n\n<figure class=\"wp-block-embed is-type-wp-embed is-provider-manudt-be wp-block-embed-manudt-be\"><div class=\"wp-block-embed__wrapper\">\n<div class=\"reactr-oembed-wrap clr\"><blockquote class=\"wp-embedded-content\" data-secret=\"dfwHdDRpPA\"><a href=\"https:\/\/manudt.be\/index.php\/two-dots-wezembeek-thursday-festival-22-06-2023\/\">Two Dots &#8211; Wezembeek Thursday Festival &#8211; 22\/06\/2023<\/a><\/blockquote><iframe loading=\"lazy\" class=\"wp-embedded-content\" sandbox=\"allow-scripts\" security=\"restricted\" style=\"position: absolute; visibility: hidden;\" title=\"\u00ab\u00a0Two Dots &#8211; Wezembeek Thursday Festival &#8211; 22\/06\/2023\u00a0\u00bb &#8212; manudt.be\" src=\"https:\/\/manudt.be\/index.php\/two-dots-wezembeek-thursday-festival-22-06-2023\/embed\/#?secret=HDLcvlKLbx#?secret=dfwHdDRpPA\" data-secret=\"dfwHdDRpPA\" width=\"600\" height=\"338\" frameborder=\"0\" marginwidth=\"0\" marginheight=\"0\" scrolling=\"no\"><\/iframe><\/div>\n<\/div><\/figure>\n\n\n<div class=\"wp-block-image\">\n<figure class=\"aligncenter size-large\"><img loading=\"lazy\" decoding=\"async\" width=\"1024\" height=\"683\" src=\"https:\/\/manudt.be\/wp-content\/uploads\/2025\/04\/O1A5977-1024x683.jpg\" alt=\"\" class=\"wp-image-5083\" srcset=\"https:\/\/manudt.be\/wp-content\/uploads\/2025\/04\/O1A5977-1024x683.jpg 1024w, https:\/\/manudt.be\/wp-content\/uploads\/2025\/04\/O1A5977-300x200.jpg 300w, https:\/\/manudt.be\/wp-content\/uploads\/2025\/04\/O1A5977-768x512.jpg 768w, https:\/\/manudt.be\/wp-content\/uploads\/2025\/04\/O1A5977-1536x1024.jpg 1536w, https:\/\/manudt.be\/wp-content\/uploads\/2025\/04\/O1A5977-2048x1365.jpg 2048w\" sizes=\"auto, (max-width: 1024px) 100vw, 1024px\" \/><\/figure>\n<\/div>\n\n\n<figure class=\"wp-block-embed is-type-wp-embed is-provider-manudt-be wp-block-embed-manudt-be\"><div class=\"wp-block-embed__wrapper\">\n<div class=\"reactr-oembed-wrap clr\"><blockquote class=\"wp-embedded-content\" data-secret=\"ZAJwSXmWih\"><a href=\"https:\/\/manudt.be\/index.php\/two-dots-acte-3-02-02-2024\/\">Two Dots &#8211; Acte 3 &#8211; 02\/02\/2024<\/a><\/blockquote><iframe loading=\"lazy\" class=\"wp-embedded-content\" sandbox=\"allow-scripts\" security=\"restricted\" style=\"position: absolute; visibility: hidden;\" title=\"\u00ab\u00a0Two Dots &#8211; Acte 3 &#8211; 02\/02\/2024\u00a0\u00bb &#8212; manudt.be\" src=\"https:\/\/manudt.be\/index.php\/two-dots-acte-3-02-02-2024\/embed\/#?secret=ak1PIgWB4U#?secret=ZAJwSXmWih\" data-secret=\"ZAJwSXmWih\" width=\"600\" height=\"338\" frameborder=\"0\" marginwidth=\"0\" marginheight=\"0\" scrolling=\"no\"><\/iframe><\/div>\n<\/div><\/figure>\n","protected":false},"excerpt":{"rendered":"<p>2 jeunes gens ont un jour d\u00e9cid\u00e9 d&rsquo;unir leurs talents pour nous offrir des reprises endiabl\u00e9es de chansons cultes, tout cela dans un show \u00e0 couper le souffle. Two dots started in 2019 when the idea of making a duo with loopers poped in. Since then they keep making this project bigger every day Gwenn [&hellip;]<\/p>\n","protected":false},"author":1,"featured_media":0,"parent":0,"menu_order":0,"comment_status":"closed","ping_status":"closed","template":"","meta":{"ngg_post_thumbnail":0,"footnotes":""},"class_list":["post-4881","page","type-page","status-publish","hentry","entry"],"_links":{"self":[{"href":"https:\/\/manudt.be\/index.php?rest_route=\/wp\/v2\/pages\/4881","targetHints":{"allow":["GET"]}}],"collection":[{"href":"https:\/\/manudt.be\/index.php?rest_route=\/wp\/v2\/pages"}],"about":[{"href":"https:\/\/manudt.be\/index.php?rest_route=\/wp\/v2\/types\/page"}],"author":[{"embeddable":true,"href":"https:\/\/manudt.be\/index.php?rest_route=\/wp\/v2\/users\/1"}],"replies":[{"embeddable":true,"href":"https:\/\/manudt.be\/index.php?rest_route=%2Fwp%2Fv2%2Fcomments&post=4881"}],"version-history":[{"count":19,"href":"https:\/\/manudt.be\/index.php?rest_route=\/wp\/v2\/pages\/4881\/revisions"}],"predecessor-version":[{"id":5366,"href":"https:\/\/manudt.be\/index.php?rest_route=\/wp\/v2\/pages\/4881\/revisions\/5366"}],"wp:attachment":[{"href":"https:\/\/manudt.be\/index.php?rest_route=%2Fwp%2Fv2%2Fmedia&parent=4881"}],"curies":[{"name":"wp","href":"https:\/\/api.w.org\/{rel}","templated":true}]}}