{"id":4894,"date":"2025-04-12T09:08:36","date_gmt":"2025-04-12T07:08:36","guid":{"rendered":"https:\/\/manudt.be\/?page_id=4894"},"modified":"2025-04-21T16:10:14","modified_gmt":"2025-04-21T14:10:14","slug":"dancemotion","status":"publish","type":"page","link":"https:\/\/manudt.be\/?page_id=4894","title":{"rendered":"Dancemotion"},"content":{"rendered":"\n<p>Dancemotion est un centre de danse \u00e0 taille humaine situ\u00e9 \u00e0 Anderlecht (Bruxelles) qui propose \u00e0 chaque \u00e9l\u00e8ve un cours de danse correspondant \u00e0 son \u00e2ge et \u00e0 son niveau.<\/p>\n\n\n\n<p>Dancemotion alli qualit\u00e9 de son enseignement et rigueur li\u00e9e \u00e0 l&rsquo;apprentissage de la danse dans une ambiance familiale.<\/p>\n\n\n\n<p><\/p>\n\n\n\n<div class=\"wp-block-buttons is-content-justification-center is-layout-flex wp-container-core-buttons-is-layout-16018d1d wp-block-buttons-is-layout-flex\">\n<div class=\"wp-block-button\"><a class=\"wp-block-button__link wp-element-button\" href=\"https:\/\/www.facebook.com\/dancemotion\" target=\"_blank\" rel=\"noreferrer noopener\">Page Facebook<\/a><\/div>\n<\/div>\n\n\n\n<p><\/p>\n\n\n\n<div class=\"wp-block-buttons is-content-justification-center is-layout-flex wp-container-core-buttons-is-layout-16018d1d wp-block-buttons-is-layout-flex\">\n<div class=\"wp-block-button\"><a class=\"wp-block-button__link has-text-align-center wp-element-button\" href=\"https:\/\/www.dancemotion.be\/\" target=\"_blank\" rel=\"noreferrer noopener\">Site internet<\/a><\/div>\n<\/div>\n\n\n\n<p><\/p>\n","protected":false},"excerpt":{"rendered":"<p>Dancemotion est un centre de danse \u00e0 taille humaine situ\u00e9 \u00e0 Anderlecht (Bruxelles) qui propose \u00e0 chaque \u00e9l\u00e8ve un cours de danse correspondant \u00e0 son \u00e2ge et \u00e0 son niveau. Dancemotion alli qualit\u00e9 de son enseignement et rigueur li\u00e9e \u00e0 l&rsquo;apprentissage de la danse dans une ambiance familiale.<\/p>\n","protected":false},"author":1,"featured_media":0,"parent":0,"menu_order":0,"comment_status":"closed","ping_status":"closed","template":"","meta":{"ngg_post_thumbnail":0,"footnotes":""},"class_list":["post-4894","page","type-page","status-publish","hentry","entry"],"_links":{"self":[{"href":"https:\/\/manudt.be\/index.php?rest_route=\/wp\/v2\/pages\/4894","targetHints":{"allow":["GET"]}}],"collection":[{"href":"https:\/\/manudt.be\/index.php?rest_route=\/wp\/v2\/pages"}],"about":[{"href":"https:\/\/manudt.be\/index.php?rest_route=\/wp\/v2\/types\/page"}],"author":[{"embeddable":true,"href":"https:\/\/manudt.be\/index.php?rest_route=\/wp\/v2\/users\/1"}],"replies":[{"embeddable":true,"href":"https:\/\/manudt.be\/index.php?rest_route=%2Fwp%2Fv2%2Fcomments&post=4894"}],"version-history":[{"count":5,"href":"https:\/\/manudt.be\/index.php?rest_route=\/wp\/v2\/pages\/4894\/revisions"}],"predecessor-version":[{"id":5526,"href":"https:\/\/manudt.be\/index.php?rest_route=\/wp\/v2\/pages\/4894\/revisions\/5526"}],"wp:attachment":[{"href":"https:\/\/manudt.be\/index.php?rest_route=%2Fwp%2Fv2%2Fmedia&parent=4894"}],"curies":[{"name":"wp","href":"https:\/\/api.w.org\/{rel}","templated":true}]}}