{"id":939,"date":"2022-04-07T13:35:42","date_gmt":"2022-04-07T11:35:42","guid":{"rendered":"https:\/\/test.manudt.be\/?page_id=939"},"modified":"2025-04-16T21:28:04","modified_gmt":"2025-04-16T19:28:04","slug":"galeries","status":"publish","type":"page","link":"https:\/\/manudt.be\/?page_id=939","title":{"rendered":"Galeries"},"content":{"rendered":"\n<p>Les concerts.  Le domaine que j&rsquo;aime le plus photographier.<\/p>\n\n\n\n<p>J&rsquo;adore voir ces artistes donner tout ce qu&rsquo;ils ont dans leur art et voir ainsi leurs talents s&rsquo;exprimer.  Les voir aller au bout d&rsquo;eux-m\u00eame, voir ces instumentistes ma\u00eetriser leur guitare, leur basse, la batterie ou le clavier.  J&rsquo;ai les voir s&rsquo;amuser et donner ainsi du plaisir au public.<\/p>\n\n\n\n<p>Nh&rsquo;\u00e9sitez pas \u00e0 visiter les diff\u00e9rentes galeries en cliquant sur \u00ab\u00a0Galerie\u00a0\u00bb dans le menu et en choisissant l&rsquo;un ou l&rsquo;autre artiste.<\/p>\n\n\n\n<p>Merci \u00e0 eux aussi de se pr\u00eater au jeu, et surtout&#8230; merci pour eux.<\/p>\n","protected":false},"excerpt":{"rendered":"<p>Les concerts. Le domaine que j&rsquo;aime le plus photographier. J&rsquo;adore voir ces artistes donner tout ce qu&rsquo;ils ont dans leur art et voir ainsi leurs talents s&rsquo;exprimer. Les voir aller au bout d&rsquo;eux-m\u00eame, voir ces instumentistes ma\u00eetriser leur guitare, leur basse, la batterie ou le clavier. J&rsquo;ai les voir s&rsquo;amuser et donner ainsi du plaisir [&hellip;]<\/p>\n","protected":false},"author":1,"featured_media":0,"parent":0,"menu_order":0,"comment_status":"closed","ping_status":"closed","template":"","meta":{"ngg_post_thumbnail":0,"footnotes":""},"class_list":["post-939","page","type-page","status-publish","hentry","entry"],"_links":{"self":[{"href":"https:\/\/manudt.be\/index.php?rest_route=\/wp\/v2\/pages\/939","targetHints":{"allow":["GET"]}}],"collection":[{"href":"https:\/\/manudt.be\/index.php?rest_route=\/wp\/v2\/pages"}],"about":[{"href":"https:\/\/manudt.be\/index.php?rest_route=\/wp\/v2\/types\/page"}],"author":[{"embeddable":true,"href":"https:\/\/manudt.be\/index.php?rest_route=\/wp\/v2\/users\/1"}],"replies":[{"embeddable":true,"href":"https:\/\/manudt.be\/index.php?rest_route=%2Fwp%2Fv2%2Fcomments&post=939"}],"version-history":[{"count":2,"href":"https:\/\/manudt.be\/index.php?rest_route=\/wp\/v2\/pages\/939\/revisions"}],"predecessor-version":[{"id":5374,"href":"https:\/\/manudt.be\/index.php?rest_route=\/wp\/v2\/pages\/939\/revisions\/5374"}],"wp:attachment":[{"href":"https:\/\/manudt.be\/index.php?rest_route=%2Fwp%2Fv2%2Fmedia&parent=939"}],"curies":[{"name":"wp","href":"https:\/\/api.w.org\/{rel}","templated":true}]}}